{"id":96,"date":"2025-03-30T07:01:37","date_gmt":"2025-03-30T06:01:37","guid":{"rendered":"https:\/\/www.purelinestattoo.at\/?page_id=96"},"modified":"2025-03-30T14:23:48","modified_gmt":"2025-03-30T13:23:48","slug":"get-ready","status":"publish","type":"page","link":"https:\/\/www.purelinestattoo.at\/?page_id=96","title":{"rendered":""},"content":{"rendered":"\n<figure class=\"wp-block-image aligncenter size-large\"><img loading=\"lazy\" decoding=\"async\" width=\"1024\" height=\"376\" src=\"https:\/\/www.purelinestattoo.at\/wp-content\/uploads\/2025\/03\/getReady-e1743339376345-1024x376.png\" alt=\"\" class=\"wp-image-166\" srcset=\"https:\/\/www.purelinestattoo.at\/wp-content\/uploads\/2025\/03\/getReady-e1743339376345-1024x376.png 1024w, https:\/\/www.purelinestattoo.at\/wp-content\/uploads\/2025\/03\/getReady-e1743339376345-300x110.png 300w, https:\/\/www.purelinestattoo.at\/wp-content\/uploads\/2025\/03\/getReady-e1743339376345-768x282.png 768w, https:\/\/www.purelinestattoo.at\/wp-content\/uploads\/2025\/03\/getReady-e1743339376345-1536x564.png 1536w, https:\/\/www.purelinestattoo.at\/wp-content\/uploads\/2025\/03\/getReady-e1743339376345-2048x752.png 2048w\" sizes=\"auto, (max-width: 1024px) 100vw, 1024px\" \/><\/figure>\n\n\n\n<p>Sei ausgeschlafen und hab gen\u00fcgend gegessen und getrunken.<\/p>\n\n\n\n<p>Am besten tr\u00e4gst du dunkle (am besten schwarze), lockere, bequeme Kleidung, damit die zu t\u00e4towierende Stelle leicht freigelegt und eventuellen Farbflecken auf deiner Kleidung vorgebeugt werden kann.<\/p>\n\n\n\n<p>Es ist maximal eine Begleitperson erlaubt. Wenn zwei oder mehr Personen t\u00e4towiert werden ist keine zus\u00e4tzliche Begleitperson erlaubt.<\/p>\n\n\n\n<p>Kinder und Haustiere d\u00fcrfen leider nicht ins Studio!<\/p>\n\n\n\n<p>T\u00e4towiert werden ausschlie\u00dflich Personen ab 18 Jahren.<\/p>\n\n\n\n<p>Bitte nimm also immer einen g\u00fcltigen Lichtbildausweis mit (F\u00fchrerschein, Personalausweis, Reisepass). Dieser wird beim Ausf\u00fcllen der Einverst\u00e4ndniserkl\u00e4rung ben\u00f6tigt.<\/p>\n\n\n\n<p>Alkohol- und Drogenkonsum vor dem T\u00e4towieren ist ein absolutes NO-GO. <\/p>\n\n\n\n<p>Bitte zahle in bar.<\/p>\n","protected":false},"excerpt":{"rendered":"<p>Sei ausgeschlafen und hab gen\u00fcgend gegessen und getrunken. Am besten tr\u00e4gst du dunkle (am besten schwarze), lockere, bequeme Kleidung, damit die zu t\u00e4towierende Stelle leicht freigelegt und eventuellen Farbflecken auf deiner Kleidung vorgebeugt werden kann. Es ist maximal eine Begleitperson erlaubt. Wenn zwei oder mehr Personen t\u00e4towiert werden ist keine zus\u00e4tzliche Begleitperson erlaubt. Kinder und [&hellip;]<\/p>\n","protected":false},"author":1,"featured_media":0,"parent":0,"menu_order":0,"comment_status":"closed","ping_status":"closed","template":"","meta":{"footnotes":""},"class_list":["post-96","page","type-page","status-publish","hentry"],"_links":{"self":[{"href":"https:\/\/www.purelinestattoo.at\/index.php?rest_route=\/wp\/v2\/pages\/96","targetHints":{"allow":["GET"]}}],"collection":[{"href":"https:\/\/www.purelinestattoo.at\/index.php?rest_route=\/wp\/v2\/pages"}],"about":[{"href":"https:\/\/www.purelinestattoo.at\/index.php?rest_route=\/wp\/v2\/types\/page"}],"author":[{"embeddable":true,"href":"https:\/\/www.purelinestattoo.at\/index.php?rest_route=\/wp\/v2\/users\/1"}],"replies":[{"embeddable":true,"href":"https:\/\/www.purelinestattoo.at\/index.php?rest_route=%2Fwp%2Fv2%2Fcomments&post=96"}],"version-history":[{"count":8,"href":"https:\/\/www.purelinestattoo.at\/index.php?rest_route=\/wp\/v2\/pages\/96\/revisions"}],"predecessor-version":[{"id":274,"href":"https:\/\/www.purelinestattoo.at\/index.php?rest_route=\/wp\/v2\/pages\/96\/revisions\/274"}],"wp:attachment":[{"href":"https:\/\/www.purelinestattoo.at\/index.php?rest_route=%2Fwp%2Fv2%2Fmedia&parent=96"}],"curies":[{"name":"wp","href":"https:\/\/api.w.org\/{rel}","templated":true}]}}