{"id":93,"date":"2025-03-30T07:00:42","date_gmt":"2025-03-30T06:00:42","guid":{"rendered":"https:\/\/www.purelinestattoo.at\/?page_id=93"},"modified":"2025-03-30T14:22:47","modified_gmt":"2025-03-30T13:22:47","slug":"pflegeempfehlung","status":"publish","type":"page","link":"https:\/\/www.purelinestattoo.at\/?page_id=93","title":{"rendered":""},"content":{"rendered":"\n<figure class=\"wp-block-image size-large\"><img loading=\"lazy\" decoding=\"async\" width=\"1024\" height=\"332\" src=\"https:\/\/www.purelinestattoo.at\/wp-content\/uploads\/2025\/03\/Pflegeempfehlung-1024x332.png\" alt=\"\" class=\"wp-image-269\" srcset=\"https:\/\/www.purelinestattoo.at\/wp-content\/uploads\/2025\/03\/Pflegeempfehlung-1024x332.png 1024w, https:\/\/www.purelinestattoo.at\/wp-content\/uploads\/2025\/03\/Pflegeempfehlung-300x97.png 300w, https:\/\/www.purelinestattoo.at\/wp-content\/uploads\/2025\/03\/Pflegeempfehlung-768x249.png 768w, https:\/\/www.purelinestattoo.at\/wp-content\/uploads\/2025\/03\/Pflegeempfehlung.png 1128w\" sizes=\"auto, (max-width: 1024px) 100vw, 1024px\" \/><\/figure>\n\n\n\n<figure class=\"wp-block-image alignright size-medium\"><img loading=\"lazy\" decoding=\"async\" width=\"300\" height=\"297\" src=\"https:\/\/www.purelinestattoo.at\/wp-content\/uploads\/2025\/03\/Pflegeempfehlung-Baer-300x297.png\" alt=\"\" class=\"wp-image-268\" srcset=\"https:\/\/www.purelinestattoo.at\/wp-content\/uploads\/2025\/03\/Pflegeempfehlung-Baer-300x297.png 300w, https:\/\/www.purelinestattoo.at\/wp-content\/uploads\/2025\/03\/Pflegeempfehlung-Baer-150x150.png 150w, https:\/\/www.purelinestattoo.at\/wp-content\/uploads\/2025\/03\/Pflegeempfehlung-Baer.png 656w\" sizes=\"auto, (max-width: 300px) 100vw, 300px\" \/><\/figure>\n\n\n\n<p>Folienpflaster erst nach 3-5 Tagen vorsichtig entfernen. Wenn es sich schwer entfernen l\u00e4sst, nimm es am besten unter der Dusche ab. Mit ein wenig Wasser l\u00f6st sich der Kleber leichter.<\/p>\n\n\n\n<p>Wenn es sich fr\u00fcher l\u00f6sen sollte, ist das kein Problem. Einfach wie folgt vorgehen und nicht erneut abkleben.<\/p>\n\n\n\n<p>Nach dem Entfernen der Folie mit lauwarmem Wasser (und eventuell pH-neutraler Seife) reinigen und mit K\u00fcchenrolle trocken tupfen (nicht reiben!). Duschgel und Shampoo anfangs bitte nicht direkt auf das Tattoo auftragen.<\/p>\n\n\n\n<p>Anschlie\u00dfend hauchd\u00fcnn mit Bepanthen Wund- und Heilsalbe eincremen. Bitte <strong>KEINE<\/strong> Bepanthen Plus verwenden, denn diese entzieht der Haut die Tattoofarbe! Alternativ kann eine spezielle Tattoopflegecreme (z.B. TattooMed After Tattoo) oder auch Kokos\u00f6l verwendet werden. In der 1. und 2. Woche solltest du dies 2-3x t\u00e4glich und in der 3. und 4. Woche 1x t\u00e4glich tun. Dein Tattoo freut sich aber auch nach dieser Zeit \u00fcber t\u00e4gliche Pflege.<\/p>\n\n\n\n<p>Halte dein Tattoo in der Heilungsphase stets sauber (nur mit sauberen H\u00e4nden ber\u00fchren und Achtung bei Haustieren).<\/p>\n\n\n\n<p>Bitte nicht kratzen und Krusten nicht entfernen! Leichter Juckreiz ist anfangs absolut normal.<\/p>\n\n\n\n<p>Direkte Sonne, Solarium, Vollb\u00e4der (Badewanne, Chlor- und Salzwasser), Dampfb\u00e4der und starkes Schwitzen solltest du f\u00fcr zumindest 14 Tage meiden! Leichter Sport ist grunds\u00e4tzlich nach Entfernung der Pflasterfolie m\u00f6glich \u2013 achte dabei aber wie oben erw\u00e4hnt darauf, dass du nicht zu sehr an der t\u00e4towierten K\u00f6rperstelle schwitzt.<\/p>\n\n\n\n<p>Bitte rasiere f\u00fcr ca. 3-4 Wochen nicht \u00fcber dein Tattoo, damit die neugebildete Hautschicht nicht verletzt und das Tattoo somit nicht besch\u00e4digt wird.<\/p>\n\n\n\n<p>Das Tattoo beim Sonnenbaden immer (!) mit hohem Lichtschutzfaktor eincremen, damit es nicht durch die UV Strahlen besch\u00e4digt wird und dadurch verblasst!<\/p>\n\n\n\n<p>Wenn du Fragen hast, kannst du mich unter der Telefonnummer <a href=\"tel:4367764412202\">+43 677 644 122 02<\/a> kontaktieren.<\/p>\n\n\n\n<p><\/p>\n","protected":false},"excerpt":{"rendered":"<p>Folienpflaster erst nach 3-5 Tagen vorsichtig entfernen. Wenn es sich schwer entfernen l\u00e4sst, nimm es am besten unter der Dusche ab. Mit ein wenig Wasser l\u00f6st sich der Kleber leichter. Wenn es sich fr\u00fcher l\u00f6sen sollte, ist das kein Problem. Einfach wie folgt vorgehen und nicht erneut abkleben. Nach dem Entfernen der Folie mit lauwarmem [&hellip;]<\/p>\n","protected":false},"author":1,"featured_media":0,"parent":0,"menu_order":0,"comment_status":"closed","ping_status":"closed","template":"","meta":{"footnotes":""},"class_list":["post-93","page","type-page","status-publish","hentry"],"_links":{"self":[{"href":"https:\/\/www.purelinestattoo.at\/index.php?rest_route=\/wp\/v2\/pages\/93","targetHints":{"allow":["GET"]}}],"collection":[{"href":"https:\/\/www.purelinestattoo.at\/index.php?rest_route=\/wp\/v2\/pages"}],"about":[{"href":"https:\/\/www.purelinestattoo.at\/index.php?rest_route=\/wp\/v2\/types\/page"}],"author":[{"embeddable":true,"href":"https:\/\/www.purelinestattoo.at\/index.php?rest_route=\/wp\/v2\/users\/1"}],"replies":[{"embeddable":true,"href":"https:\/\/www.purelinestattoo.at\/index.php?rest_route=%2Fwp%2Fv2%2Fcomments&post=93"}],"version-history":[{"count":6,"href":"https:\/\/www.purelinestattoo.at\/index.php?rest_route=\/wp\/v2\/pages\/93\/revisions"}],"predecessor-version":[{"id":272,"href":"https:\/\/www.purelinestattoo.at\/index.php?rest_route=\/wp\/v2\/pages\/93\/revisions\/272"}],"wp:attachment":[{"href":"https:\/\/www.purelinestattoo.at\/index.php?rest_route=%2Fwp%2Fv2%2Fmedia&parent=93"}],"curies":[{"name":"wp","href":"https:\/\/api.w.org\/{rel}","templated":true}]}}