{"id":86,"date":"2025-03-29T20:00:28","date_gmt":"2025-03-29T19:00:28","guid":{"rendered":"https:\/\/www.purelinestattoo.at\/?page_id=86"},"modified":"2026-04-23T18:10:17","modified_gmt":"2026-04-23T17:10:17","slug":"aufklaerung-und-einwilligung","status":"publish","type":"page","link":"https:\/\/www.purelinestattoo.at\/?page_id=86","title":{"rendered":""},"content":{"rendered":"\n<h3 class=\"wp-block-heading\">Aufkl\u00e4rung und Einwilligung<\/h3>\n\n\n\n<p class=\"has-dm-sans-font-family\">Transparenz ist mir wichtig. Daher stelle ich meinen Aufkl\u00e4rungs- und Einwilligungsbogen online zur Verf\u00fcgung, damit du dich <strong>vor dem Termin<\/strong> schon mit den vielen notwendigen Fragestellungen <strong>auseinandersetzen<\/strong> kannst. Es ist nicht notwendig, das Formular ausgef\u00fcllt mitzubringen, weil du das Formular dann tagesaktuell vor mir ausf\u00fcllen musst &#8211; ich beantworte dir dann allf\u00e4llige Fragen.<\/p>\n\n\n\n<div data-wp-interactive=\"core\/file\" class=\"wp-block-file\"><object data-wp-bind--hidden=\"!state.hasPdfPreview\" hidden class=\"wp-block-file__embed\" data=\"https:\/\/www.purelinestattoo.at\/wp-content\/uploads\/2025\/04\/AUFKLAeRUNG-UND-EINWILLIGUNG-PURELINES-2025.pdf\" type=\"application\/pdf\" style=\"width:100%;height:600px\" aria-label=\"Einbettung von AUFKLA\u0308RUNG UND EINWILLIGUNG PURELINES 2025.\"><\/object><a id=\"wp-block-file--media-45ec29ee-ef2d-480f-820d-d4593d277a5c\" href=\"https:\/\/www.purelinestattoo.at\/wp-content\/uploads\/2025\/04\/AUFKLAeRUNG-UND-EINWILLIGUNG-PURELINES-2025.pdf\">AUFKLA\u0308RUNG UND EINWILLIGUNG PURELINES 2025<\/a><a href=\"https:\/\/www.purelinestattoo.at\/wp-content\/uploads\/2025\/04\/AUFKLAeRUNG-UND-EINWILLIGUNG-PURELINES-2025.pdf\" class=\"wp-block-file__button wp-element-button\" download aria-describedby=\"wp-block-file--media-45ec29ee-ef2d-480f-820d-d4593d277a5c\">Herunterladen<\/a><\/div>\n","protected":false},"excerpt":{"rendered":"<p>Aufkl\u00e4rung und Einwilligung Transparenz ist mir wichtig. Daher stelle ich meinen Aufkl\u00e4rungs- und Einwilligungsbogen online zur Verf\u00fcgung, damit du dich vor dem Termin schon mit den vielen notwendigen Fragestellungen auseinandersetzen kannst. Es ist nicht notwendig, das Formular ausgef\u00fcllt mitzubringen, weil du das Formular dann tagesaktuell vor mir ausf\u00fcllen musst &#8211; ich beantworte dir dann allf\u00e4llige [&hellip;]<\/p>\n","protected":false},"author":1,"featured_media":0,"parent":0,"menu_order":0,"comment_status":"closed","ping_status":"closed","template":"","meta":{"footnotes":""},"class_list":["post-86","page","type-page","status-publish","hentry"],"_links":{"self":[{"href":"https:\/\/www.purelinestattoo.at\/index.php?rest_route=\/wp\/v2\/pages\/86","targetHints":{"allow":["GET"]}}],"collection":[{"href":"https:\/\/www.purelinestattoo.at\/index.php?rest_route=\/wp\/v2\/pages"}],"about":[{"href":"https:\/\/www.purelinestattoo.at\/index.php?rest_route=\/wp\/v2\/types\/page"}],"author":[{"embeddable":true,"href":"https:\/\/www.purelinestattoo.at\/index.php?rest_route=\/wp\/v2\/users\/1"}],"replies":[{"embeddable":true,"href":"https:\/\/www.purelinestattoo.at\/index.php?rest_route=%2Fwp%2Fv2%2Fcomments&post=86"}],"version-history":[{"count":7,"href":"https:\/\/www.purelinestattoo.at\/index.php?rest_route=\/wp\/v2\/pages\/86\/revisions"}],"predecessor-version":[{"id":335,"href":"https:\/\/www.purelinestattoo.at\/index.php?rest_route=\/wp\/v2\/pages\/86\/revisions\/335"}],"wp:attachment":[{"href":"https:\/\/www.purelinestattoo.at\/index.php?rest_route=%2Fwp%2Fv2%2Fmedia&parent=86"}],"curies":[{"name":"wp","href":"https:\/\/api.w.org\/{rel}","templated":true}]}}