{"id":54,"date":"2025-03-22T12:07:10","date_gmt":"2025-03-22T11:07:10","guid":{"rendered":"https:\/\/www.purelinestattoo.at\/?page_id=54"},"modified":"2025-04-25T16:08:16","modified_gmt":"2025-04-25T15:08:16","slug":"datenschutzerklaerung","status":"publish","type":"page","link":"https:\/\/www.purelinestattoo.at\/?page_id=54","title":{"rendered":"DATENSCHUTZ"},"content":{"rendered":"\n<h5 class=\"wp-block-heading\" style=\"font-style:normal;font-weight:100\">Betreiberin der Webseite:<\/h5>\n\n\n\n<p class=\"has-dm-sans-font-family\"><strong>PURELINES e.U.<br><\/strong>Ungargasse 58 \/ T2+3<br>1030 Wien<br>\u00d6sterreich<\/p>\n\n\n\n<h5 class=\"wp-block-heading\" style=\"font-style:normal;font-weight:100\">Grundlegendes zum Datenschutz<\/h5>\n\n\n\n<p>Der Schutz Deiner pers\u00f6nlichen Daten ist uns ein besonderes Anliegen. Wir verarbeiten Deine Daten daher ausschlie\u00dflich auf Grundlage der gesetzlichen Bestimmungen (DSGVO, TKG etc. in der jeweils letztg\u00fcltigen Fassung). In diesen Datenschutzinformationen informieren wir Dich \u00fcber die wichtigsten Aspekte der Datenverarbeitung im Rahmen unserer Website.<\/p>\n\n\n\n<h5 class=\"wp-block-heading\" style=\"font-style:normal;font-weight:100\">Umgang mit Kontaktdaten<\/h5>\n\n\n\n<p>Nimmst Du mit uns durch die angebotenen Kontaktm\u00f6glichkeiten Verbindung auf, werden Deine Angaben gespeichert, damit auf diese zur Bearbeitung und Beantwortung Deiner Anfrage zur\u00fcckgegriffen werden kann. Ohne Deine Einwilligung werden diese Daten nicht an Dritte weitergegeben.<\/p>\n\n\n\n<h5 class=\"wp-block-heading\" style=\"font-style:normal;font-weight:100\">Cookies<\/h5>\n\n\n\n<p class=\"has-dm-sans-font-family\" style=\"font-style:normal;font-weight:400\">Unsere Website verwendet so genannte Session-Cookies. Dabei handelt es sich um kleine Textdateien, die mit Hilfe des Browsers auf Deinem Endger\u00e4t abgelegt werden. Cookies bleiben auf Deinem Endger\u00e4t gespeichert, bis Du diese l\u00f6schst. Wenn Du dies nicht w\u00fcnschst, so kannst Du Deinen so einrichten, dass er Dich \u00fcber das Setzen von Cookies informiert und Du dies nur im Einzelfall erlaubst. Auf dieser Website werden Cookies nur in Zusammenhang mit der Anmeldung von Administrator:innen und zur Speicherung der Best\u00e4tigung zum erlaubten Setzen von Cookies verwendet. Solltst Du dich dazu entscheiden, Cookies in Deinem Browser zu deaktivieren, sind weiterhin alle Funktionen der Website ohne Einschr\u00e4nkungen verf\u00fcgbar.<\/p>\n\n\n\n<h5 class=\"wp-block-heading\" style=\"font-style:normal;font-weight:100\">Einbindung von Diensten und Inhalten Dritter<\/h5>\n\n\n\n<p>Wir setzen innerhalb unseres Onlineangebotes mitunter Inhalts- oder Serviceangebote von Drittanbietern ein, um deren Inhalte und Services, wie z.B. Karten, JavaScript-Module oder Schriftarten einzubinden (nachfolgend einheitlich bezeichnet als &#8222;Inhalte&#8220;).<\/p>\n\n\n\n<p>Dies setzt immer voraus, dass die Drittanbieter dieser Inhalte, die IP-Adresse der Nutzer wahrnehmen, da sie ohne die IP-Adresse die Inhalte nicht an deren Browser senden k\u00f6nnten. Die IP-Adresse ist damit f\u00fcr die Darstellung dieser Inhalte erforderlich. Wir bem\u00fchen uns, nur solche Inhalte zu verwenden, deren jeweilige Anbieter die IP-Adresse lediglich zur Auslieferung der Inhalte verwenden. Die pseudonymen Informationen k\u00f6nnen ferner in Cookies auf dem Ger\u00e4t der Nutzer gespeichert werden und unter anderem technische Informationen zum Browser und Betriebssystem, verweisende Webseiten, Besuchszeit sowie weitere Angaben zur Nutzung unseres Onlineangebotes enthalten, als auch mit solchen Informationen aus anderen Quellen verbunden werden.<\/p>\n\n\n\n<h5 class=\"wp-block-heading\" style=\"font-style:normal;font-weight:100\">Deine Rechte<\/h5>\n\n\n\n<p>Du hast als Nutzer:in das Recht, auf Antrag eine kostenlose Auskunft dar\u00fcber zu erhalten, welche personenbezogenen Daten \u00fcber Dich gespeichert wurden. Du hast au\u00dferdem das Recht auf Berichtigung falscher Daten und auf die Verarbeitungseinschr\u00e4nkung oder L\u00f6schung Deiner personenbezogenen Daten. Falls zutreffend, kannst Du auch Dein Recht auf Datenportabilit\u00e4t geltend machen. Solltest Du annehmen, dass Deine Daten unrechtm\u00e4\u00dfig verarbeitet wurden, kannst Du eine Beschwerde bei der zust\u00e4ndigen Datenschutzbeh\u00f6rde einreichen.<\/p>\n\n\n\n<h5 class=\"wp-block-heading\" style=\"font-style:normal;font-weight:100\">L\u00f6schung von Daten<\/h5>\n\n\n\n<p>Sofern Dein Wunsch nicht mit einer gesetzlichen Pflicht zur Aufbewahrung von Daten (z. B. Vorratsdatenspeicherung) kollidiert, hast Du ein Anrecht auf L\u00f6schung Deiner Daten. Von uns gespeicherte Daten werden &#8211; sollten diese f\u00fcr ihre Zweckbestimmung nicht mehr vonn\u00f6ten sein und es keine gesetzlichen Aufbewahrungsfristen geben &#8211; laufend gel\u00f6scht. Falls eine L\u00f6schung nicht durchgef\u00fchrt werden kann, da die Daten f\u00fcr zul\u00e4ssige gesetzliche Zwecke erforderlich sind, erfolgt eine Einschr\u00e4nkung der Datenverarbeitung. In diesem Fall werden die Daten gesperrt und nicht f\u00fcr andere Zwecke verarbeitet.<\/p>\n\n\n\n<h5 class=\"wp-block-heading\" style=\"font-style:normal;font-weight:100\">Widerspruchsrecht<\/h5>\n\n\n\n<p>Nutzer:innen dieser Webseite k\u00f6nnen von ihrem Widerspruchsrecht Gebrauch machen und der Verarbeitung ihrer personenbezogenen Daten zu jeder Zeit widerspreche<a href=\"https:\/\/www.purelinestattoo.at\/wp-content\/uploads\/2025\/04\/AUFKLAeRUNG-UND-EINWILLIGUNG-PURELINES-2025.pdf\" data-type=\"link\" data-id=\"https:\/\/www.purelinestattoo.at\/wp-content\/uploads\/2025\/04\/AUFKLAeRUNG-UND-EINWILLIGUNG-PURELINES-2025.pdf\" target=\"_blank\" rel=\"noreferrer noopener nofollow\">n<\/a>.<\/p>\n\n\n\n<p>Wenn Du eine Berichtigung, Sperrung, L\u00f6schung oder Auskunft \u00fcber die zu Deiner Person gespeicherten personenbezogenen Daten w\u00fcnschst oder Fragen bzgl. der Erhebung, Verarbeitung oder Verwendung Deiner personenbezogenen Daten hast oder erteilte Einwilligungen widerrufen m\u00f6chtest, wende Dich bitte an folgende E-Mail-Adresse: <a href=\"mailto:office@purelinestattoo.at\">office@purelinestattoo.at<\/a><\/p>\n","protected":false},"excerpt":{"rendered":"<p>Betreiberin der Webseite: PURELINES e.U.Ungargasse 58 \/ T2+31030 Wien\u00d6sterreich Grundlegendes zum Datenschutz Der Schutz Deiner pers\u00f6nlichen Daten ist uns ein besonderes Anliegen. Wir verarbeiten Deine Daten daher ausschlie\u00dflich auf Grundlage der gesetzlichen Bestimmungen (DSGVO, TKG etc. in der jeweils letztg\u00fcltigen Fassung). In diesen Datenschutzinformationen informieren wir Dich \u00fcber die wichtigsten Aspekte der Datenverarbeitung im Rahmen [&hellip;]<\/p>\n","protected":false},"author":1,"featured_media":0,"parent":0,"menu_order":0,"comment_status":"closed","ping_status":"closed","template":"","meta":{"footnotes":""},"class_list":["post-54","page","type-page","status-publish","hentry"],"_links":{"self":[{"href":"https:\/\/www.purelinestattoo.at\/index.php?rest_route=\/wp\/v2\/pages\/54","targetHints":{"allow":["GET"]}}],"collection":[{"href":"https:\/\/www.purelinestattoo.at\/index.php?rest_route=\/wp\/v2\/pages"}],"about":[{"href":"https:\/\/www.purelinestattoo.at\/index.php?rest_route=\/wp\/v2\/types\/page"}],"author":[{"embeddable":true,"href":"https:\/\/www.purelinestattoo.at\/index.php?rest_route=\/wp\/v2\/users\/1"}],"replies":[{"embeddable":true,"href":"https:\/\/www.purelinestattoo.at\/index.php?rest_route=%2Fwp%2Fv2%2Fcomments&post=54"}],"version-history":[{"count":12,"href":"https:\/\/www.purelinestattoo.at\/index.php?rest_route=\/wp\/v2\/pages\/54\/revisions"}],"predecessor-version":[{"id":286,"href":"https:\/\/www.purelinestattoo.at\/index.php?rest_route=\/wp\/v2\/pages\/54\/revisions\/286"}],"wp:attachment":[{"href":"https:\/\/www.purelinestattoo.at\/index.php?rest_route=%2Fwp%2Fv2%2Fmedia&parent=54"}],"curies":[{"name":"wp","href":"https:\/\/api.w.org\/{rel}","templated":true}]}}