{"id":101,"date":"2025-03-30T07:07:43","date_gmt":"2025-03-30T06:07:43","guid":{"rendered":"https:\/\/www.purelinestattoo.at\/?page_id=101"},"modified":"2025-03-31T07:38:23","modified_gmt":"2025-03-31T06:38:23","slug":"about-me","status":"publish","type":"page","link":"https:\/\/www.purelinestattoo.at\/?page_id=101","title":{"rendered":""},"content":{"rendered":"\n<figure class=\"wp-block-gallery has-nested-images columns-default is-cropped wp-block-gallery-1 is-layout-flex wp-block-gallery-is-layout-flex\">\n<figure class=\"wp-block-image size-large\"><img loading=\"lazy\" decoding=\"async\" width=\"733\" height=\"1024\" data-id=\"102\" src=\"https:\/\/www.purelinestattoo.at\/wp-content\/uploads\/2025\/03\/JF-Purelines-1-733x1024.jpeg\" alt=\"\" class=\"wp-image-102\" srcset=\"https:\/\/www.purelinestattoo.at\/wp-content\/uploads\/2025\/03\/JF-Purelines-1-733x1024.jpeg 733w, https:\/\/www.purelinestattoo.at\/wp-content\/uploads\/2025\/03\/JF-Purelines-1-215x300.jpeg 215w, https:\/\/www.purelinestattoo.at\/wp-content\/uploads\/2025\/03\/JF-Purelines-1-768x1073.jpeg 768w, https:\/\/www.purelinestattoo.at\/wp-content\/uploads\/2025\/03\/JF-Purelines-1-1100x1536.jpeg 1100w, https:\/\/www.purelinestattoo.at\/wp-content\/uploads\/2025\/03\/JF-Purelines-1-1466x2048.jpeg 1466w, https:\/\/www.purelinestattoo.at\/wp-content\/uploads\/2025\/03\/JF-Purelines-1-scaled.jpeg 1833w\" sizes=\"auto, (max-width: 733px) 100vw, 733px\" \/><\/figure>\n\n\n\n<figure class=\"wp-block-image size-large\"><img loading=\"lazy\" decoding=\"async\" width=\"768\" height=\"1024\" data-id=\"104\" src=\"https:\/\/www.purelinestattoo.at\/wp-content\/uploads\/2025\/03\/JF-Purelines-3-768x1024.jpeg\" alt=\"\" class=\"wp-image-104\" srcset=\"https:\/\/www.purelinestattoo.at\/wp-content\/uploads\/2025\/03\/JF-Purelines-3-768x1024.jpeg 768w, https:\/\/www.purelinestattoo.at\/wp-content\/uploads\/2025\/03\/JF-Purelines-3-225x300.jpeg 225w, https:\/\/www.purelinestattoo.at\/wp-content\/uploads\/2025\/03\/JF-Purelines-3-1152x1536.jpeg 1152w, https:\/\/www.purelinestattoo.at\/wp-content\/uploads\/2025\/03\/JF-Purelines-3-1536x2048.jpeg 1536w, https:\/\/www.purelinestattoo.at\/wp-content\/uploads\/2025\/03\/JF-Purelines-3-scaled.jpeg 1920w\" sizes=\"auto, (max-width: 768px) 100vw, 768px\" \/><\/figure>\n\n\n\n<figure class=\"wp-block-image size-large\"><img loading=\"lazy\" decoding=\"async\" width=\"768\" height=\"1024\" data-id=\"103\" src=\"https:\/\/www.purelinestattoo.at\/wp-content\/uploads\/2025\/03\/JF-Purelines-2-768x1024.jpeg\" alt=\"\" class=\"wp-image-103\" srcset=\"https:\/\/www.purelinestattoo.at\/wp-content\/uploads\/2025\/03\/JF-Purelines-2-768x1024.jpeg 768w, https:\/\/www.purelinestattoo.at\/wp-content\/uploads\/2025\/03\/JF-Purelines-2-225x300.jpeg 225w, https:\/\/www.purelinestattoo.at\/wp-content\/uploads\/2025\/03\/JF-Purelines-2-1152x1536.jpeg 1152w, https:\/\/www.purelinestattoo.at\/wp-content\/uploads\/2025\/03\/JF-Purelines-2-1536x2048.jpeg 1536w, https:\/\/www.purelinestattoo.at\/wp-content\/uploads\/2025\/03\/JF-Purelines-2-scaled.jpeg 1920w\" sizes=\"auto, (max-width: 768px) 100vw, 768px\" \/><\/figure>\n<\/figure>\n\n\n\n<p style=\"font-style:normal;font-weight:100\">Hi! Ich bin Julie! Ich komme urspr\u00fcnglich aus dem sch\u00f6nen Salzburger Pongau, lebe mittlerweile seit \u00fcber 10 Jahren in meiner Wahlheimat Wien und bin Tattooartist!&nbsp;<\/p>\n\n\n\n<p>Schon als Kind war das Zeichnen meine allergr\u00f6\u00dfte Leidenschaft, und es war immer klar, dass ich meine Kreativit\u00e4t auf irgendeine Weise zum Beruf machen m\u00f6chte. 2021 habe ich schlie\u00dflich das T\u00e4towieren f\u00fcr mich entdeckt und schnell gemerkt, dass das genau das ist, wonach ich so lange gesucht hab!<\/p>\n\n\n\n<p class=\"has-dm-sans-font-family\">Es ist f\u00fcr mich viel mehr als nur ein Job \u2013 es ist zu meiner absoluten Leidenschaft und Passion geworden. Es erm\u00f6glicht mir, Geschichten und Ideen in etwas Bleibendes und Bedeutungsvolles zu verwandeln und das Zusammenspiel zwischen Kreativit\u00e4t, Handwerk und dem Vertrauen, das mir die Menschen entgegenbringen, ist genau DAS, was mich immer wieder aufs Neue erf\u00fcllt!&nbsp;<\/p>\n\n\n\n<p>I CAN ABSOLUTELY SAY &#8211; I LOVE MY JOB!<\/p>\n\n\n\n<h5 class=\"wp-block-heading has-dm-sans-font-family\">TATTOO STIL<\/h5>\n\n\n\n<p class=\"has-dm-sans-font-family\">Im Jahr 2022 habe ich mich auf Fineline-Tattoos spezialisiert \u2013 einen Stil, der f\u00fcr seine filigranen, dezenten Linien, aber auch feinen Schattierungen und die Liebe zum Detail bekannt ist. Egal, ob es ein pers\u00f6nliches Wunschmotiv oder eines meiner Wannado&#8217;s sein soll &#8211; alle Designs werden von mir selbst entworfen und mit h\u00f6chster Pr\u00e4zision umgesetzt.&nbsp;<\/p>\n\n\n\n<h5 class=\"wp-block-heading has-dm-sans-font-family\">TATTOO EXPERIENCE<\/h5>\n\n\n\n<p class=\"has-dm-sans-font-family\">Es ist mir sehr wichtig, dass sich meine KundInnen w\u00e4hrend des Termins bei mir gut aufgehoben f\u00fchlen. Besonders f\u00fcr Tattoo-Neulinge ist es mir ein gro\u00dfes Anliegen, das bestm\u00f6gliche Tattoo-Erlebnis zu bieten!&nbsp;<\/p>\n\n\n\n<p>Denn nicht nur das Tattoo-Ergebnis z\u00e4hlt &#8211; sondern auch eine rundum positive Atmosph\u00e4re!<\/p>\n\n\n\n<p>Bei mir triffst du auf Einf\u00fchlungsverm\u00f6gen und es wird immer auf deine W\u00fcnsche und Bedenken eingegangen. Gemeinsam finden wir die perfekte Gr\u00f6\u00dfe und K\u00f6rperstelle f\u00fcr dein individuelles Design.<\/p>\n\n\n\n<p class=\"has-dm-sans-font-family\">Wenn du Fragen hast, z\u00f6gere bitte nicht mich \u00fcber <a href=\"https:\/\/www.instagram.com\/purelinestattoo\/\" data-type=\"link\" data-id=\"https:\/\/www.instagram.com\/purelinestattoo\/\" target=\"_blank\" rel=\"noreferrer noopener\">Instagram<\/a> (purelinestattoo) oder per WhatsApp (+43 67764412202) zu kontaktieren.<\/p>\n\n\n\n<p>ICH FREU MICH AUF DICH!&nbsp;<\/p>\n\n\n\n<p>lots of love, Julie<\/p>\n","protected":false},"excerpt":{"rendered":"<p>Hi! Ich bin Julie! Ich komme urspr\u00fcnglich aus dem sch\u00f6nen Salzburger Pongau, lebe mittlerweile seit \u00fcber 10 Jahren in meiner Wahlheimat Wien und bin Tattooartist!&nbsp; Schon als Kind war das Zeichnen meine allergr\u00f6\u00dfte Leidenschaft, und es war immer klar, dass ich meine Kreativit\u00e4t auf irgendeine Weise zum Beruf machen m\u00f6chte. 2021 habe ich schlie\u00dflich das [&hellip;]<\/p>\n","protected":false},"author":1,"featured_media":0,"parent":0,"menu_order":0,"comment_status":"closed","ping_status":"closed","template":"","meta":{"footnotes":""},"class_list":["post-101","page","type-page","status-publish","hentry"],"_links":{"self":[{"href":"https:\/\/www.purelinestattoo.at\/index.php?rest_route=\/wp\/v2\/pages\/101","targetHints":{"allow":["GET"]}}],"collection":[{"href":"https:\/\/www.purelinestattoo.at\/index.php?rest_route=\/wp\/v2\/pages"}],"about":[{"href":"https:\/\/www.purelinestattoo.at\/index.php?rest_route=\/wp\/v2\/types\/page"}],"author":[{"embeddable":true,"href":"https:\/\/www.purelinestattoo.at\/index.php?rest_route=\/wp\/v2\/users\/1"}],"replies":[{"embeddable":true,"href":"https:\/\/www.purelinestattoo.at\/index.php?rest_route=%2Fwp%2Fv2%2Fcomments&post=101"}],"version-history":[{"count":12,"href":"https:\/\/www.purelinestattoo.at\/index.php?rest_route=\/wp\/v2\/pages\/101\/revisions"}],"predecessor-version":[{"id":281,"href":"https:\/\/www.purelinestattoo.at\/index.php?rest_route=\/wp\/v2\/pages\/101\/revisions\/281"}],"wp:attachment":[{"href":"https:\/\/www.purelinestattoo.at\/index.php?rest_route=%2Fwp%2Fv2%2Fmedia&parent=101"}],"curies":[{"name":"wp","href":"https:\/\/api.w.org\/{rel}","templated":true}]}}